{"id":411,"date":"2021-01-28T10:34:40","date_gmt":"2021-01-28T09:34:40","guid":{"rendered":"https:\/\/lamysa.fr\/nos-activites\/"},"modified":"2024-02-14T10:45:14","modified_gmt":"2024-02-14T09:45:14","slug":"our-activities","status":"publish","type":"page","link":"https:\/\/lamysa.fr\/en\/our-activities\/","title":{"rendered":"Our activities and interests"},"content":{"rendered":"","protected":false},"excerpt":{"rendered":"","protected":false},"author":1,"featured_media":0,"parent":0,"menu_order":30,"comment_status":"closed","ping_status":"closed","template":"","meta":{"_acf_changed":false,"inline_featured_image":false,"footnotes":""},"class_list":["post-411","page","type-page","status-publish","hentry"],"acf":[],"yoast_head":"<!-- This site is optimized with the Yoast SEO plugin v27.3 - https:\/\/yoast.com\/product\/yoast-seo-wordpress\/ -->\n<title>Our activities and interests - Groupe Lamy SA<\/title>\n<meta name=\"description\" content=\"Le Groupe LAMY est pr\u00e9sent dans de nombreux domaines d&#039;activit\u00e9 : services \u00e9nerg\u00e9tiques, mati\u00e8res premi\u00e8res, transport &amp; logistiques...\" \/>\n<meta name=\"robots\" content=\"index, follow, max-snippet:-1, max-image-preview:large, max-video-preview:-1\" \/>\n<link rel=\"canonical\" href=\"https:\/\/lamysa.fr\/en\/our-activities\/\" \/>\n<meta property=\"og:locale\" content=\"en_US\" \/>\n<meta property=\"og:type\" content=\"article\" \/>\n<meta property=\"og:title\" content=\"Our activities and interests - Groupe Lamy SA\" \/>\n<meta property=\"og:description\" content=\"Le Groupe LAMY est pr\u00e9sent dans de nombreux domaines d&#039;activit\u00e9 : services \u00e9nerg\u00e9tiques, mati\u00e8res premi\u00e8res, transport &amp; logistiques...\" \/>\n<meta property=\"og:url\" content=\"https:\/\/lamysa.fr\/en\/our-activities\/\" \/>\n<meta property=\"og:site_name\" content=\"Groupe Lamy SA\" \/>\n<meta property=\"article:modified_time\" content=\"2024-02-14T09:45:14+00:00\" \/>\n<meta name=\"twitter:card\" content=\"summary_large_image\" \/>\n<script type=\"application\/ld+json\" class=\"yoast-schema-graph\">{\"@context\":\"https:\\\/\\\/schema.org\",\"@graph\":[{\"@type\":\"WebPage\",\"@id\":\"https:\\\/\\\/lamysa.fr\\\/en\\\/our-activities\\\/\",\"url\":\"https:\\\/\\\/lamysa.fr\\\/en\\\/our-activities\\\/\",\"name\":\"Our activities and interests - Groupe Lamy SA\",\"isPartOf\":{\"@id\":\"https:\\\/\\\/lamysa.fr\\\/#website\"},\"datePublished\":\"2021-01-28T09:34:40+00:00\",\"dateModified\":\"2024-02-14T09:45:14+00:00\",\"description\":\"Le Groupe LAMY est pr\u00e9sent dans de nombreux domaines d'activit\u00e9 : services \u00e9nerg\u00e9tiques, mati\u00e8res premi\u00e8res, transport & logistiques...\",\"breadcrumb\":{\"@id\":\"https:\\\/\\\/lamysa.fr\\\/en\\\/our-activities\\\/#breadcrumb\"},\"inLanguage\":\"en-US\",\"potentialAction\":[{\"@type\":\"ReadAction\",\"target\":[\"https:\\\/\\\/lamysa.fr\\\/en\\\/our-activities\\\/\"]}]},{\"@type\":\"BreadcrumbList\",\"@id\":\"https:\\\/\\\/lamysa.fr\\\/en\\\/our-activities\\\/#breadcrumb\",\"itemListElement\":[{\"@type\":\"ListItem\",\"position\":1,\"name\":\"Accueil\",\"item\":\"https:\\\/\\\/lamysa.fr\\\/en\\\/\"},{\"@type\":\"ListItem\",\"position\":2,\"name\":\"Our activities and interests\"}]},{\"@type\":\"WebSite\",\"@id\":\"https:\\\/\\\/lamysa.fr\\\/#website\",\"url\":\"https:\\\/\\\/lamysa.fr\\\/\",\"name\":\"Groupe Lamy SA\",\"description\":\"Un entreprenariat durable\",\"publisher\":{\"@id\":\"https:\\\/\\\/lamysa.fr\\\/#organization\"},\"potentialAction\":[{\"@type\":\"SearchAction\",\"target\":{\"@type\":\"EntryPoint\",\"urlTemplate\":\"https:\\\/\\\/lamysa.fr\\\/?s={search_term_string}\"},\"query-input\":{\"@type\":\"PropertyValueSpecification\",\"valueRequired\":true,\"valueName\":\"search_term_string\"}}],\"inLanguage\":\"en-US\"},{\"@type\":\"Organization\",\"@id\":\"https:\\\/\\\/lamysa.fr\\\/#organization\",\"name\":\"Groupe LAMY SA\",\"url\":\"https:\\\/\\\/lamysa.fr\\\/\",\"logo\":{\"@type\":\"ImageObject\",\"inLanguage\":\"en-US\",\"@id\":\"https:\\\/\\\/lamysa.fr\\\/#\\\/schema\\\/logo\\\/image\\\/\",\"url\":\"https:\\\/\\\/lamysa.fr\\\/wp-content\\\/uploads\\\/2021\\\/01\\\/logo-Lamy.svg\",\"contentUrl\":\"https:\\\/\\\/lamysa.fr\\\/wp-content\\\/uploads\\\/2021\\\/01\\\/logo-Lamy.svg\",\"width\":192,\"height\":49,\"caption\":\"Groupe LAMY SA\"},\"image\":{\"@id\":\"https:\\\/\\\/lamysa.fr\\\/#\\\/schema\\\/logo\\\/image\\\/\"}}]}<\/script>\n<!-- \/ Yoast SEO plugin. -->","yoast_head_json":{"title":"Our activities and interests - Groupe Lamy SA","description":"Le Groupe LAMY est pr\u00e9sent dans de nombreux domaines d'activit\u00e9 : services \u00e9nerg\u00e9tiques, mati\u00e8res premi\u00e8res, transport & logistiques...","robots":{"index":"index","follow":"follow","max-snippet":"max-snippet:-1","max-image-preview":"max-image-preview:large","max-video-preview":"max-video-preview:-1"},"canonical":"https:\/\/lamysa.fr\/en\/our-activities\/","og_locale":"en_US","og_type":"article","og_title":"Our activities and interests - Groupe Lamy SA","og_description":"Le Groupe LAMY est pr\u00e9sent dans de nombreux domaines d'activit\u00e9 : services \u00e9nerg\u00e9tiques, mati\u00e8res premi\u00e8res, transport & logistiques...","og_url":"https:\/\/lamysa.fr\/en\/our-activities\/","og_site_name":"Groupe Lamy SA","article_modified_time":"2024-02-14T09:45:14+00:00","twitter_card":"summary_large_image","schema":{"@context":"https:\/\/schema.org","@graph":[{"@type":"WebPage","@id":"https:\/\/lamysa.fr\/en\/our-activities\/","url":"https:\/\/lamysa.fr\/en\/our-activities\/","name":"Our activities and interests - Groupe Lamy SA","isPartOf":{"@id":"https:\/\/lamysa.fr\/#website"},"datePublished":"2021-01-28T09:34:40+00:00","dateModified":"2024-02-14T09:45:14+00:00","description":"Le Groupe LAMY est pr\u00e9sent dans de nombreux domaines d'activit\u00e9 : services \u00e9nerg\u00e9tiques, mati\u00e8res premi\u00e8res, transport & logistiques...","breadcrumb":{"@id":"https:\/\/lamysa.fr\/en\/our-activities\/#breadcrumb"},"inLanguage":"en-US","potentialAction":[{"@type":"ReadAction","target":["https:\/\/lamysa.fr\/en\/our-activities\/"]}]},{"@type":"BreadcrumbList","@id":"https:\/\/lamysa.fr\/en\/our-activities\/#breadcrumb","itemListElement":[{"@type":"ListItem","position":1,"name":"Accueil","item":"https:\/\/lamysa.fr\/en\/"},{"@type":"ListItem","position":2,"name":"Our activities and interests"}]},{"@type":"WebSite","@id":"https:\/\/lamysa.fr\/#website","url":"https:\/\/lamysa.fr\/","name":"Groupe Lamy SA","description":"Un entreprenariat durable","publisher":{"@id":"https:\/\/lamysa.fr\/#organization"},"potentialAction":[{"@type":"SearchAction","target":{"@type":"EntryPoint","urlTemplate":"https:\/\/lamysa.fr\/?s={search_term_string}"},"query-input":{"@type":"PropertyValueSpecification","valueRequired":true,"valueName":"search_term_string"}}],"inLanguage":"en-US"},{"@type":"Organization","@id":"https:\/\/lamysa.fr\/#organization","name":"Groupe LAMY SA","url":"https:\/\/lamysa.fr\/","logo":{"@type":"ImageObject","inLanguage":"en-US","@id":"https:\/\/lamysa.fr\/#\/schema\/logo\/image\/","url":"https:\/\/lamysa.fr\/wp-content\/uploads\/2021\/01\/logo-Lamy.svg","contentUrl":"https:\/\/lamysa.fr\/wp-content\/uploads\/2021\/01\/logo-Lamy.svg","width":192,"height":49,"caption":"Groupe LAMY SA"},"image":{"@id":"https:\/\/lamysa.fr\/#\/schema\/logo\/image\/"}}]}},"_links":{"self":[{"href":"https:\/\/lamysa.fr\/en\/wp-json\/wp\/v2\/pages\/411","targetHints":{"allow":["GET"]}}],"collection":[{"href":"https:\/\/lamysa.fr\/en\/wp-json\/wp\/v2\/pages"}],"about":[{"href":"https:\/\/lamysa.fr\/en\/wp-json\/wp\/v2\/types\/page"}],"author":[{"embeddable":true,"href":"https:\/\/lamysa.fr\/en\/wp-json\/wp\/v2\/users\/1"}],"replies":[{"embeddable":true,"href":"https:\/\/lamysa.fr\/en\/wp-json\/wp\/v2\/comments?post=411"}],"version-history":[{"count":4,"href":"https:\/\/lamysa.fr\/en\/wp-json\/wp\/v2\/pages\/411\/revisions"}],"predecessor-version":[{"id":481,"href":"https:\/\/lamysa.fr\/en\/wp-json\/wp\/v2\/pages\/411\/revisions\/481"}],"wp:attachment":[{"href":"https:\/\/lamysa.fr\/en\/wp-json\/wp\/v2\/media?parent=411"}],"curies":[{"name":"wp","href":"https:\/\/api.w.org\/{rel}","templated":true}]}}