{"id":413,"date":"2021-01-27T16:46:14","date_gmt":"2021-01-27T15:46:14","guid":{"rendered":"https:\/\/lamysa.fr\/accueil\/"},"modified":"2022-01-06T09:04:36","modified_gmt":"2022-01-06T08:04:36","slug":"home","status":"publish","type":"page","link":"https:\/\/lamysa.fr\/en\/","title":{"rendered":"Home"},"content":{"rendered":"","protected":false},"excerpt":{"rendered":"","protected":false},"author":1,"featured_media":0,"parent":0,"menu_order":10,"comment_status":"closed","ping_status":"closed","template":"","meta":{"_acf_changed":false,"inline_featured_image":false,"footnotes":""},"class_list":["post-413","page","type-page","status-publish","hentry"],"acf":[],"yoast_head":"<!-- This site is optimized with the Yoast SEO plugin v27.3 - https:\/\/yoast.com\/product\/yoast-seo-wordpress\/ -->\n<title>Home - Groupe Lamy SA<\/title>\n<meta name=\"description\" content=\"Le groupe LAMY est pr\u00e9sent dans de nombreux domaines d&#039;activit\u00e9 performants : services \u00e9nerg\u00e9tiques, mati\u00e8res premi\u00e8res, transport &amp; logistique, n\u00e9goce international, etc.\" \/>\n<meta name=\"robots\" content=\"index, follow, max-snippet:-1, max-image-preview:large, max-video-preview:-1\" \/>\n<link rel=\"canonical\" href=\"https:\/\/lamysa.fr\/en\/\" \/>\n<meta property=\"og:locale\" content=\"en_US\" \/>\n<meta property=\"og:type\" content=\"article\" \/>\n<meta property=\"og:title\" content=\"Home - Groupe Lamy SA\" \/>\n<meta property=\"og:description\" content=\"Le groupe LAMY est pr\u00e9sent dans de nombreux domaines d&#039;activit\u00e9 performants : services \u00e9nerg\u00e9tiques, mati\u00e8res premi\u00e8res, transport &amp; logistique, n\u00e9goce international, etc.\" \/>\n<meta property=\"og:url\" content=\"https:\/\/lamysa.fr\/en\/\" \/>\n<meta property=\"og:site_name\" content=\"Groupe Lamy SA\" \/>\n<meta property=\"article:modified_time\" content=\"2022-01-06T08:04:36+00:00\" \/>\n<meta name=\"twitter:card\" content=\"summary_large_image\" \/>\n<script type=\"application\/ld+json\" class=\"yoast-schema-graph\">{\"@context\":\"https:\\\/\\\/schema.org\",\"@graph\":[{\"@type\":\"WebPage\",\"@id\":\"https:\\\/\\\/lamysa.fr\\\/en\\\/\",\"url\":\"https:\\\/\\\/lamysa.fr\\\/en\\\/\",\"name\":\"Home - Groupe Lamy SA\",\"isPartOf\":{\"@id\":\"https:\\\/\\\/lamysa.fr\\\/#website\"},\"datePublished\":\"2021-01-27T15:46:14+00:00\",\"dateModified\":\"2022-01-06T08:04:36+00:00\",\"description\":\"Le groupe LAMY est pr\u00e9sent dans de nombreux domaines d'activit\u00e9 performants : services \u00e9nerg\u00e9tiques, mati\u00e8res premi\u00e8res, transport & logistique, n\u00e9goce international, etc.\",\"breadcrumb\":{\"@id\":\"https:\\\/\\\/lamysa.fr\\\/en\\\/#breadcrumb\"},\"inLanguage\":\"en-US\",\"potentialAction\":[{\"@type\":\"ReadAction\",\"target\":[\"https:\\\/\\\/lamysa.fr\\\/en\\\/\"]}]},{\"@type\":\"BreadcrumbList\",\"@id\":\"https:\\\/\\\/lamysa.fr\\\/en\\\/#breadcrumb\",\"itemListElement\":[{\"@type\":\"ListItem\",\"position\":1,\"name\":\"Accueil\",\"item\":\"https:\\\/\\\/lamysa.fr\\\/en\\\/\"},{\"@type\":\"ListItem\",\"position\":2,\"name\":\"Home\"}]},{\"@type\":\"WebSite\",\"@id\":\"https:\\\/\\\/lamysa.fr\\\/#website\",\"url\":\"https:\\\/\\\/lamysa.fr\\\/\",\"name\":\"Groupe Lamy SA\",\"description\":\"Un entreprenariat durable\",\"publisher\":{\"@id\":\"https:\\\/\\\/lamysa.fr\\\/#organization\"},\"potentialAction\":[{\"@type\":\"SearchAction\",\"target\":{\"@type\":\"EntryPoint\",\"urlTemplate\":\"https:\\\/\\\/lamysa.fr\\\/?s={search_term_string}\"},\"query-input\":{\"@type\":\"PropertyValueSpecification\",\"valueRequired\":true,\"valueName\":\"search_term_string\"}}],\"inLanguage\":\"en-US\"},{\"@type\":\"Organization\",\"@id\":\"https:\\\/\\\/lamysa.fr\\\/#organization\",\"name\":\"Groupe LAMY SA\",\"url\":\"https:\\\/\\\/lamysa.fr\\\/\",\"logo\":{\"@type\":\"ImageObject\",\"inLanguage\":\"en-US\",\"@id\":\"https:\\\/\\\/lamysa.fr\\\/#\\\/schema\\\/logo\\\/image\\\/\",\"url\":\"https:\\\/\\\/lamysa.fr\\\/wp-content\\\/uploads\\\/2021\\\/01\\\/logo-Lamy.svg\",\"contentUrl\":\"https:\\\/\\\/lamysa.fr\\\/wp-content\\\/uploads\\\/2021\\\/01\\\/logo-Lamy.svg\",\"width\":192,\"height\":49,\"caption\":\"Groupe LAMY SA\"},\"image\":{\"@id\":\"https:\\\/\\\/lamysa.fr\\\/#\\\/schema\\\/logo\\\/image\\\/\"}}]}<\/script>\n<!-- \/ Yoast SEO plugin. -->","yoast_head_json":{"title":"Home - Groupe Lamy SA","description":"Le groupe LAMY est pr\u00e9sent dans de nombreux domaines d'activit\u00e9 performants : services \u00e9nerg\u00e9tiques, mati\u00e8res premi\u00e8res, transport & logistique, n\u00e9goce international, etc.","robots":{"index":"index","follow":"follow","max-snippet":"max-snippet:-1","max-image-preview":"max-image-preview:large","max-video-preview":"max-video-preview:-1"},"canonical":"https:\/\/lamysa.fr\/en\/","og_locale":"en_US","og_type":"article","og_title":"Home - Groupe Lamy SA","og_description":"Le groupe LAMY est pr\u00e9sent dans de nombreux domaines d'activit\u00e9 performants : services \u00e9nerg\u00e9tiques, mati\u00e8res premi\u00e8res, transport & logistique, n\u00e9goce international, etc.","og_url":"https:\/\/lamysa.fr\/en\/","og_site_name":"Groupe Lamy SA","article_modified_time":"2022-01-06T08:04:36+00:00","twitter_card":"summary_large_image","schema":{"@context":"https:\/\/schema.org","@graph":[{"@type":"WebPage","@id":"https:\/\/lamysa.fr\/en\/","url":"https:\/\/lamysa.fr\/en\/","name":"Home - Groupe Lamy SA","isPartOf":{"@id":"https:\/\/lamysa.fr\/#website"},"datePublished":"2021-01-27T15:46:14+00:00","dateModified":"2022-01-06T08:04:36+00:00","description":"Le groupe LAMY est pr\u00e9sent dans de nombreux domaines d'activit\u00e9 performants : services \u00e9nerg\u00e9tiques, mati\u00e8res premi\u00e8res, transport & logistique, n\u00e9goce international, etc.","breadcrumb":{"@id":"https:\/\/lamysa.fr\/en\/#breadcrumb"},"inLanguage":"en-US","potentialAction":[{"@type":"ReadAction","target":["https:\/\/lamysa.fr\/en\/"]}]},{"@type":"BreadcrumbList","@id":"https:\/\/lamysa.fr\/en\/#breadcrumb","itemListElement":[{"@type":"ListItem","position":1,"name":"Accueil","item":"https:\/\/lamysa.fr\/en\/"},{"@type":"ListItem","position":2,"name":"Home"}]},{"@type":"WebSite","@id":"https:\/\/lamysa.fr\/#website","url":"https:\/\/lamysa.fr\/","name":"Groupe Lamy SA","description":"Un entreprenariat durable","publisher":{"@id":"https:\/\/lamysa.fr\/#organization"},"potentialAction":[{"@type":"SearchAction","target":{"@type":"EntryPoint","urlTemplate":"https:\/\/lamysa.fr\/?s={search_term_string}"},"query-input":{"@type":"PropertyValueSpecification","valueRequired":true,"valueName":"search_term_string"}}],"inLanguage":"en-US"},{"@type":"Organization","@id":"https:\/\/lamysa.fr\/#organization","name":"Groupe LAMY SA","url":"https:\/\/lamysa.fr\/","logo":{"@type":"ImageObject","inLanguage":"en-US","@id":"https:\/\/lamysa.fr\/#\/schema\/logo\/image\/","url":"https:\/\/lamysa.fr\/wp-content\/uploads\/2021\/01\/logo-Lamy.svg","contentUrl":"https:\/\/lamysa.fr\/wp-content\/uploads\/2021\/01\/logo-Lamy.svg","width":192,"height":49,"caption":"Groupe LAMY SA"},"image":{"@id":"https:\/\/lamysa.fr\/#\/schema\/logo\/image\/"}}]}},"_links":{"self":[{"href":"https:\/\/lamysa.fr\/en\/wp-json\/wp\/v2\/pages\/413","targetHints":{"allow":["GET"]}}],"collection":[{"href":"https:\/\/lamysa.fr\/en\/wp-json\/wp\/v2\/pages"}],"about":[{"href":"https:\/\/lamysa.fr\/en\/wp-json\/wp\/v2\/types\/page"}],"author":[{"embeddable":true,"href":"https:\/\/lamysa.fr\/en\/wp-json\/wp\/v2\/users\/1"}],"replies":[{"embeddable":true,"href":"https:\/\/lamysa.fr\/en\/wp-json\/wp\/v2\/comments?post=413"}],"version-history":[{"count":4,"href":"https:\/\/lamysa.fr\/en\/wp-json\/wp\/v2\/pages\/413\/revisions"}],"predecessor-version":[{"id":457,"href":"https:\/\/lamysa.fr\/en\/wp-json\/wp\/v2\/pages\/413\/revisions\/457"}],"wp:attachment":[{"href":"https:\/\/lamysa.fr\/en\/wp-json\/wp\/v2\/media?parent=413"}],"curies":[{"name":"wp","href":"https:\/\/api.w.org\/{rel}","templated":true}]}}